{"id":13,"date":"2019-11-27T12:54:46","date_gmt":"2019-11-27T11:54:46","guid":{"rendered":"https:\/\/www.astamargroup.it\/?page_id=13"},"modified":"2020-09-30T09:22:24","modified_gmt":"2020-09-30T07:22:24","slug":"homepage","status":"publish","type":"page","link":"https:\/\/www.astamargroup.it\/it\/","title":{"rendered":"Homepage"},"content":{"rendered":"\n<h6 class=\"txt-color-2\">CHI SIAMO<\/h6>\n\n\n\n<h2 class=\"txt-color-1\">Astamar Group s.r.l. attiva nelle forniture navali da oltre 30 anni, \u00e8 specializzata nel comparto alimentare.<\/h2>\n\n\n\n<p>Nata intorno agli anni \u201990 l\u2019azienda ha da sempre rappresentato un importante punto di riferimento nel settore delle forniture navali alimentari. Grazie all\u2019incessante lavoro dei soci, nel corso degli anni si \u00e8 affermata a livello nazionale e internazionale, arrivando a collaborare con prestigiose societ\u00e0 di mezza Europa e a farsi largo tra realt\u00e0 ben pi\u00f9 rinomate&#8230;.<\/p>\n\n\n\n<p><\/p>\n\n\n\n<a class=\"btn btn-outline\" href=\"https:\/\/www.astamargroup.it\/chi-siamo\/\">Chi siamo<\/a>\n","protected":false},"excerpt":{"rendered":"<p>CHI SIAMO Astamar Group s.r.l. attiva nelle forniture navali da oltre 30 anni, \u00e8 specializzata nel comparto alimentare. Nata intorno agli anni \u201990 l\u2019azienda ha da sempre rappresentato un importante punto di riferimento nel settore delle forniture navali alimentari. Grazie all\u2019incessante lavoro dei soci, nel corso degli anni si \u00e8 affermata a livello nazionale e [&hellip;]<\/p>\n","protected":false},"author":1,"featured_media":0,"parent":0,"menu_order":0,"comment_status":"closed","ping_status":"closed","template":"","meta":[],"_links":{"self":[{"href":"https:\/\/www.astamargroup.it\/it\/wp-json\/wp\/v2\/pages\/13"}],"collection":[{"href":"https:\/\/www.astamargroup.it\/it\/wp-json\/wp\/v2\/pages"}],"about":[{"href":"https:\/\/www.astamargroup.it\/it\/wp-json\/wp\/v2\/types\/page"}],"author":[{"embeddable":true,"href":"https:\/\/www.astamargroup.it\/it\/wp-json\/wp\/v2\/users\/1"}],"replies":[{"embeddable":true,"href":"https:\/\/www.astamargroup.it\/it\/wp-json\/wp\/v2\/comments?post=13"}],"version-history":[{"count":105,"href":"https:\/\/www.astamargroup.it\/it\/wp-json\/wp\/v2\/pages\/13\/revisions"}],"predecessor-version":[{"id":852,"href":"https:\/\/www.astamargroup.it\/it\/wp-json\/wp\/v2\/pages\/13\/revisions\/852"}],"wp:attachment":[{"href":"https:\/\/www.astamargroup.it\/it\/wp-json\/wp\/v2\/media?parent=13"}],"curies":[{"name":"wp","href":"https:\/\/api.w.org\/{rel}","templated":true}]}}